{"id":577,"date":"2018-11-26T12:46:44","date_gmt":"2018-11-26T12:46:44","guid":{"rendered":"https:\/\/visinskadela-gora.si\/?page_id=577"},"modified":"2021-11-14T15:57:49","modified_gmt":"2021-11-14T15:57:49","slug":"projects","status":"publish","type":"page","link":"https:\/\/visinskadela-gora.si\/?page_id=577","title":{"rendered":"Projekti"},"content":{"rendered":"\t\t<div data-elementor-type=\"wp-post\" data-elementor-id=\"577\" class=\"elementor elementor-577\" data-elementor-settings=\"[]\">\n\t\t\t\t\t\t\t<div class=\"elementor-section-wrap\">\n\t\t\t\t\t\t\t<section class=\"elementor-section elementor-top-section elementor-element elementor-element-8e491de elementor-section-content-middle elementor-section-boxed elementor-section-height-default elementor-section-height-default\" data-id=\"8e491de\" data-element_type=\"section\" data-settings=\"{&quot;background_background&quot;:&quot;classic&quot;}\">\n\t\t\t\t\t\t\t<div class=\"elementor-background-overlay\"><\/div>\n\t\t\t\t\t\t\t<div class=\"elementor-container elementor-column-gap-no\">\n\t\t\t\t\t<div class=\"elementor-column elementor-col-100 elementor-top-column elementor-element elementor-element-fb027eb\" data-id=\"fb027eb\" data-element_type=\"column\">\n\t\t\t<div class=\"elementor-widget-wrap elementor-element-populated\">\n\t\t\t\t\t\t\t\t<div class=\"elementor-element elementor-element-02d282c elementor-widget elementor-widget-heading\" data-id=\"02d282c\" data-element_type=\"widget\" data-widget_type=\"heading.default\">\n\t\t\t\t<div class=\"elementor-widget-container\">\n\t\t\t<h1 class=\"elementor-heading-title elementor-size-default\">Projekti<\/h1>\t\t<\/div>\n\t\t\t\t<\/div>\n\t\t\t\t\t<\/div>\n\t\t<\/div>\n\t\t\t\t\t\t\t<\/div>\n\t\t<\/section>\n\t\t\t\t<section class=\"elementor-section elementor-top-section elementor-element elementor-element-deacf28 elementor-section-content-top elementor-section-boxed elementor-section-height-default elementor-section-height-default\" data-id=\"deacf28\" data-element_type=\"section\" data-settings=\"{&quot;background_background&quot;:&quot;classic&quot;}\">\n\t\t\t\t\t\t<div class=\"elementor-container elementor-column-gap-no\">\n\t\t\t\t\t<div class=\"elementor-column elementor-col-33 elementor-top-column elementor-element elementor-element-532b1a3\" data-id=\"532b1a3\" data-element_type=\"column\">\n\t\t\t<div class=\"elementor-widget-wrap elementor-element-populated\">\n\t\t\t\t\t\t\t\t<div class=\"elementor-element elementor-element-63ed4e1 elementor-widget elementor-widget-image\" data-id=\"63ed4e1\" data-element_type=\"widget\" data-widget_type=\"image.default\">\n\t\t\t\t<div class=\"elementor-widget-container\">\n\t\t\t\t\t\t\t\t\t\t\t\t\t\t\t<img loading=\"lazy\" decoding=\"async\" width=\"1488\" height=\"1984\" src=\"https:\/\/visinskadela-gora.si\/wp-content\/uploads\/2021\/11\/received_432974857527559.jpeg\" class=\"attachment-full size-full\" alt=\"\" srcset=\"https:\/\/visinskadela-gora.si\/wp-content\/uploads\/2021\/11\/received_432974857527559.jpeg 1488w, https:\/\/visinskadela-gora.si\/wp-content\/uploads\/2021\/11\/received_432974857527559-225x300.jpeg 225w, https:\/\/visinskadela-gora.si\/wp-content\/uploads\/2021\/11\/received_432974857527559-768x1024.jpeg 768w, https:\/\/visinskadela-gora.si\/wp-content\/uploads\/2021\/11\/received_432974857527559-1152x1536.jpeg 1152w\" sizes=\"auto, (max-width: 1488px) 100vw, 1488px\" \/>\t\t\t\t\t\t\t\t\t\t\t\t\t\t\t<\/div>\n\t\t\t\t<\/div>\n\t\t\t\t<div class=\"elementor-element elementor-element-7a6f049 elementor-widget elementor-widget-heading\" data-id=\"7a6f049\" data-element_type=\"widget\" data-widget_type=\"heading.default\">\n\t\t\t\t<div class=\"elementor-widget-container\">\n\t\t\t<h4 class=\"elementor-heading-title elementor-size-default\">Okro\u017eno dr\u017eavno to\u017eilstvo, Ljubljana<\/h4>\t\t<\/div>\n\t\t\t\t<\/div>\n\t\t\t\t<div class=\"elementor-element elementor-element-cce07c5 elementor-widget elementor-widget-text-editor\" data-id=\"cce07c5\" data-element_type=\"widget\" data-widget_type=\"text-editor.default\">\n\t\t\t\t<div class=\"elementor-widget-container\">\n\t\t\t\t\t\t\t<p>O\u010distili smo fasado, odstranili in zamenjali dotrajan silikon in fuge ter fasado premazali z za\u0161\u010ditnim slojem.<\/p><p>\u00a0V sodelovanju z Ortar &amp; Jerman d.o.o..<\/p>\t\t\t\t\t\t<\/div>\n\t\t\t\t<\/div>\n\t\t\t\t\t<\/div>\n\t\t<\/div>\n\t\t\t\t<div class=\"elementor-column elementor-col-33 elementor-top-column elementor-element elementor-element-e3e0ffa\" data-id=\"e3e0ffa\" data-element_type=\"column\">\n\t\t\t<div class=\"elementor-widget-wrap elementor-element-populated\">\n\t\t\t\t\t\t\t\t<div class=\"elementor-element elementor-element-5a35377 elementor-widget elementor-widget-image\" data-id=\"5a35377\" data-element_type=\"widget\" data-widget_type=\"image.default\">\n\t\t\t\t<div class=\"elementor-widget-container\">\n\t\t\t\t\t\t\t\t\t\t\t\t\t\t\t<img loading=\"lazy\" decoding=\"async\" width=\"2560\" height=\"1920\" src=\"https:\/\/visinskadela-gora.si\/wp-content\/uploads\/2021\/11\/IMG_20210408_184018-scaled.jpg\" class=\"attachment-full size-full\" alt=\"\" srcset=\"https:\/\/visinskadela-gora.si\/wp-content\/uploads\/2021\/11\/IMG_20210408_184018-scaled.jpg 2560w, https:\/\/visinskadela-gora.si\/wp-content\/uploads\/2021\/11\/IMG_20210408_184018-300x225.jpg 300w, https:\/\/visinskadela-gora.si\/wp-content\/uploads\/2021\/11\/IMG_20210408_184018-1024x768.jpg 1024w, https:\/\/visinskadela-gora.si\/wp-content\/uploads\/2021\/11\/IMG_20210408_184018-768x576.jpg 768w, https:\/\/visinskadela-gora.si\/wp-content\/uploads\/2021\/11\/IMG_20210408_184018-1536x1152.jpg 1536w, https:\/\/visinskadela-gora.si\/wp-content\/uploads\/2021\/11\/IMG_20210408_184018-2048x1536.jpg 2048w\" sizes=\"auto, (max-width: 2560px) 100vw, 2560px\" \/>\t\t\t\t\t\t\t\t\t\t\t\t\t\t\t<\/div>\n\t\t\t\t<\/div>\n\t\t\t\t<div class=\"elementor-element elementor-element-402a9eb elementor-widget elementor-widget-text-editor\" data-id=\"402a9eb\" data-element_type=\"widget\" data-widget_type=\"text-editor.default\">\n\t\t\t\t<div class=\"elementor-widget-container\">\n\t\t\t\t\t\t\t<p>Monta\u017ea son\u010dne elektrarne.<\/p><p>\u00a0<\/p>\t\t\t\t\t\t<\/div>\n\t\t\t\t<\/div>\n\t\t\t\t<div class=\"elementor-element elementor-element-9a88b90 elementor-widget elementor-widget-image\" data-id=\"9a88b90\" data-element_type=\"widget\" data-widget_type=\"image.default\">\n\t\t\t\t<div class=\"elementor-widget-container\">\n\t\t\t\t\t\t\t\t\t\t\t\t\t\t\t<img loading=\"lazy\" decoding=\"async\" width=\"1024\" height=\"768\" src=\"https:\/\/visinskadela-gora.si\/wp-content\/uploads\/2021\/11\/IMG_20201008_153934-1024x768.jpg\" class=\"attachment-large size-large\" alt=\"\" srcset=\"https:\/\/visinskadela-gora.si\/wp-content\/uploads\/2021\/11\/IMG_20201008_153934-1024x768.jpg 1024w, https:\/\/visinskadela-gora.si\/wp-content\/uploads\/2021\/11\/IMG_20201008_153934-300x225.jpg 300w, https:\/\/visinskadela-gora.si\/wp-content\/uploads\/2021\/11\/IMG_20201008_153934-768x576.jpg 768w, https:\/\/visinskadela-gora.si\/wp-content\/uploads\/2021\/11\/IMG_20201008_153934-1536x1152.jpg 1536w, https:\/\/visinskadela-gora.si\/wp-content\/uploads\/2021\/11\/IMG_20201008_153934-2048x1536.jpg 2048w\" sizes=\"auto, (max-width: 1024px) 100vw, 1024px\" \/>\t\t\t\t\t\t\t\t\t\t\t\t\t\t\t<\/div>\n\t\t\t\t<\/div>\n\t\t\t\t\t<\/div>\n\t\t<\/div>\n\t\t\t\t<div class=\"elementor-column elementor-col-33 elementor-top-column elementor-element elementor-element-783a841\" data-id=\"783a841\" data-element_type=\"column\">\n\t\t\t<div class=\"elementor-widget-wrap elementor-element-populated\">\n\t\t\t\t\t\t\t\t<div class=\"elementor-element elementor-element-239795e elementor-widget elementor-widget-image\" data-id=\"239795e\" data-element_type=\"widget\" data-widget_type=\"image.default\">\n\t\t\t\t<div class=\"elementor-widget-container\">\n\t\t\t\t\t\t\t\t\t\t\t\t\t\t\t<img loading=\"lazy\" decoding=\"async\" width=\"720\" height=\"960\" src=\"https:\/\/visinskadela-gora.si\/wp-content\/uploads\/2021\/11\/received_3045478272206147.jpeg\" class=\"attachment-full size-full\" alt=\"\" srcset=\"https:\/\/visinskadela-gora.si\/wp-content\/uploads\/2021\/11\/received_3045478272206147.jpeg 720w, https:\/\/visinskadela-gora.si\/wp-content\/uploads\/2021\/11\/received_3045478272206147-225x300.jpeg 225w\" sizes=\"auto, (max-width: 720px) 100vw, 720px\" \/>\t\t\t\t\t\t\t\t\t\t\t\t\t\t\t<\/div>\n\t\t\t\t<\/div>\n\t\t\t\t<div class=\"elementor-element elementor-element-eacaa3d elementor-widget elementor-widget-heading\" data-id=\"eacaa3d\" data-element_type=\"widget\" data-widget_type=\"heading.default\">\n\t\t\t\t<div class=\"elementor-widget-container\">\n\t\t\t<h4 class=\"elementor-heading-title elementor-size-default\">Kristalna pala\u010da, Ljubljana BTC<\/h4>\t\t<\/div>\n\t\t\t\t<\/div>\n\t\t\t\t<div class=\"elementor-element elementor-element-cb2e961 elementor-widget elementor-widget-text-editor\" data-id=\"cb2e961\" data-element_type=\"widget\" data-widget_type=\"text-editor.default\">\n\t\t\t\t<div class=\"elementor-widget-container\">\n\t\t\t\t\t\t\t<p>Vsako letno \u010di\u0161\u010denje stekel.<\/p><p>V sodelovanju z Luftvork s.p..<\/p>\t\t\t\t\t\t<\/div>\n\t\t\t\t<\/div>\n\t\t\t\t\t<\/div>\n\t\t<\/div>\n\t\t\t\t\t\t\t<\/div>\n\t\t<\/section>\n\t\t\t\t<section class=\"elementor-section elementor-top-section elementor-element elementor-element-c38d6b7 elementor-section-content-top elementor-section-boxed elementor-section-height-default elementor-section-height-default\" data-id=\"c38d6b7\" data-element_type=\"section\" data-settings=\"{&quot;background_background&quot;:&quot;classic&quot;}\">\n\t\t\t\t\t\t<div class=\"elementor-container elementor-column-gap-no\">\n\t\t\t\t\t<div class=\"elementor-column elementor-col-33 elementor-top-column elementor-element elementor-element-18dd7e8\" data-id=\"18dd7e8\" data-element_type=\"column\">\n\t\t\t<div class=\"elementor-widget-wrap elementor-element-populated\">\n\t\t\t\t\t\t\t\t<div class=\"elementor-element elementor-element-1528cb8 elementor-widget elementor-widget-image\" data-id=\"1528cb8\" data-element_type=\"widget\" data-widget_type=\"image.default\">\n\t\t\t\t<div class=\"elementor-widget-container\">\n\t\t\t\t\t\t\t\t\t\t\t\t\t\t\t<img loading=\"lazy\" decoding=\"async\" width=\"2508\" height=\"1880\" src=\"https:\/\/visinskadela-gora.si\/wp-content\/uploads\/2021\/11\/IMG_20211110_165558.jpg\" class=\"attachment-full size-full\" alt=\"\" srcset=\"https:\/\/visinskadela-gora.si\/wp-content\/uploads\/2021\/11\/IMG_20211110_165558.jpg 2508w, https:\/\/visinskadela-gora.si\/wp-content\/uploads\/2021\/11\/IMG_20211110_165558-300x225.jpg 300w, https:\/\/visinskadela-gora.si\/wp-content\/uploads\/2021\/11\/IMG_20211110_165558-1024x768.jpg 1024w, https:\/\/visinskadela-gora.si\/wp-content\/uploads\/2021\/11\/IMG_20211110_165558-768x576.jpg 768w, https:\/\/visinskadela-gora.si\/wp-content\/uploads\/2021\/11\/IMG_20211110_165558-1536x1151.jpg 1536w, https:\/\/visinskadela-gora.si\/wp-content\/uploads\/2021\/11\/IMG_20211110_165558-2048x1535.jpg 2048w\" sizes=\"auto, (max-width: 2508px) 100vw, 2508px\" \/>\t\t\t\t\t\t\t\t\t\t\t\t\t\t\t<\/div>\n\t\t\t\t<\/div>\n\t\t\t\t<div class=\"elementor-element elementor-element-946fbc1 elementor-widget elementor-widget-heading\" data-id=\"946fbc1\" data-element_type=\"widget\" data-widget_type=\"heading.default\">\n\t\t\t\t<div class=\"elementor-widget-container\">\n\t\t\t<h4 class=\"elementor-heading-title elementor-size-default\">Uprava BTC, Ljubljana<\/h4>\t\t<\/div>\n\t\t\t\t<\/div>\n\t\t\t\t<div class=\"elementor-element elementor-element-9f84255 elementor-widget elementor-widget-text-editor\" data-id=\"9f84255\" data-element_type=\"widget\" data-widget_type=\"text-editor.default\">\n\t\t\t\t<div class=\"elementor-widget-container\">\n\t\t\t\t\t\t\t<p>Menjava dotrajanega silikona zaradi zamakanja in vsako letno \u010di\u0161\u010denje stekel.<\/p><p>V sodelovanju z Luftvork s.p..<\/p>\t\t\t\t\t\t<\/div>\n\t\t\t\t<\/div>\n\t\t\t\t\t<\/div>\n\t\t<\/div>\n\t\t\t\t<div class=\"elementor-column elementor-col-33 elementor-top-column elementor-element elementor-element-7f54daa\" data-id=\"7f54daa\" data-element_type=\"column\">\n\t\t\t<div class=\"elementor-widget-wrap elementor-element-populated\">\n\t\t\t\t\t\t\t\t<div class=\"elementor-element elementor-element-ac430f9 elementor-widget elementor-widget-image\" data-id=\"ac430f9\" data-element_type=\"widget\" data-widget_type=\"image.default\">\n\t\t\t\t<div class=\"elementor-widget-container\">\n\t\t\t\t\t\t\t\t\t\t\t\t\t\t\t<img loading=\"lazy\" decoding=\"async\" width=\"2560\" height=\"1920\" src=\"https:\/\/visinskadela-gora.si\/wp-content\/uploads\/2021\/11\/IMG_20201128_112017-scaled.jpg\" class=\"attachment-full size-full\" alt=\"\" srcset=\"https:\/\/visinskadela-gora.si\/wp-content\/uploads\/2021\/11\/IMG_20201128_112017-scaled.jpg 2560w, https:\/\/visinskadela-gora.si\/wp-content\/uploads\/2021\/11\/IMG_20201128_112017-300x225.jpg 300w, https:\/\/visinskadela-gora.si\/wp-content\/uploads\/2021\/11\/IMG_20201128_112017-1024x768.jpg 1024w, https:\/\/visinskadela-gora.si\/wp-content\/uploads\/2021\/11\/IMG_20201128_112017-768x576.jpg 768w, https:\/\/visinskadela-gora.si\/wp-content\/uploads\/2021\/11\/IMG_20201128_112017-1536x1152.jpg 1536w, https:\/\/visinskadela-gora.si\/wp-content\/uploads\/2021\/11\/IMG_20201128_112017-2048x1536.jpg 2048w\" sizes=\"auto, (max-width: 2560px) 100vw, 2560px\" \/>\t\t\t\t\t\t\t\t\t\t\t\t\t\t\t<\/div>\n\t\t\t\t<\/div>\n\t\t\t\t<div class=\"elementor-element elementor-element-77eeb34 elementor-widget elementor-widget-heading\" data-id=\"77eeb34\" data-element_type=\"widget\" data-widget_type=\"heading.default\">\n\t\t\t\t<div class=\"elementor-widget-container\">\n\t\t\t<h4 class=\"elementor-heading-title elementor-size-default\">Luka Koper, Koper<\/h4>\t\t<\/div>\n\t\t\t\t<\/div>\n\t\t\t\t<div class=\"elementor-element elementor-element-ddf7940 elementor-widget elementor-widget-text-editor\" data-id=\"ddf7940\" data-element_type=\"widget\" data-widget_type=\"text-editor.default\">\n\t\t\t\t<div class=\"elementor-widget-container\">\n\t\t\t\t\t\t\t<p>Monta\u017ea za\u0161\u010ditne mre\u017ee proti golobom.<\/p><p>V sodelovanju z Eco Birds s.p..<\/p>\t\t\t\t\t\t<\/div>\n\t\t\t\t<\/div>\n\t\t\t\t\t<\/div>\n\t\t<\/div>\n\t\t\t\t<div class=\"elementor-column elementor-col-33 elementor-top-column elementor-element elementor-element-f9e4bcc\" data-id=\"f9e4bcc\" data-element_type=\"column\">\n\t\t\t<div class=\"elementor-widget-wrap elementor-element-populated\">\n\t\t\t\t\t\t\t\t<div class=\"elementor-element elementor-element-aea3d89 elementor-widget elementor-widget-image\" data-id=\"aea3d89\" data-element_type=\"widget\" data-widget_type=\"image.default\">\n\t\t\t\t<div class=\"elementor-widget-container\">\n\t\t\t\t\t\t\t\t\t\t\t\t\t\t\t<img loading=\"lazy\" decoding=\"async\" width=\"2560\" height=\"1920\" src=\"https:\/\/visinskadela-gora.si\/wp-content\/uploads\/2021\/11\/IMG_20190806_133109-scaled.jpg\" class=\"attachment-full size-full\" alt=\"\" srcset=\"https:\/\/visinskadela-gora.si\/wp-content\/uploads\/2021\/11\/IMG_20190806_133109-scaled.jpg 2560w, https:\/\/visinskadela-gora.si\/wp-content\/uploads\/2021\/11\/IMG_20190806_133109-300x225.jpg 300w, https:\/\/visinskadela-gora.si\/wp-content\/uploads\/2021\/11\/IMG_20190806_133109-1024x768.jpg 1024w, https:\/\/visinskadela-gora.si\/wp-content\/uploads\/2021\/11\/IMG_20190806_133109-768x576.jpg 768w, https:\/\/visinskadela-gora.si\/wp-content\/uploads\/2021\/11\/IMG_20190806_133109-1536x1152.jpg 1536w, https:\/\/visinskadela-gora.si\/wp-content\/uploads\/2021\/11\/IMG_20190806_133109-2048x1536.jpg 2048w\" sizes=\"auto, (max-width: 2560px) 100vw, 2560px\" \/>\t\t\t\t\t\t\t\t\t\t\t\t\t\t\t<\/div>\n\t\t\t\t<\/div>\n\t\t\t\t<div class=\"elementor-element elementor-element-5aa62df elementor-widget elementor-widget-heading\" data-id=\"5aa62df\" data-element_type=\"widget\" data-widget_type=\"heading.default\">\n\t\t\t\t<div class=\"elementor-widget-container\">\n\t\t\t<h4 class=\"elementor-heading-title elementor-size-default\">B&amp;B Hotel, Ljubljana<\/h4>\t\t<\/div>\n\t\t\t\t<\/div>\n\t\t\t\t<div class=\"elementor-element elementor-element-0fb0d36 elementor-widget elementor-widget-text-editor\" data-id=\"0fb0d36\" data-element_type=\"widget\" data-widget_type=\"text-editor.default\">\n\t\t\t\t<div class=\"elementor-widget-container\">\n\t\t\t\t\t\t\t<p>Demonta\u017ea in monta\u017ea oglasnega znaka hotela.<\/p><p>V sodelovanju z Luftvork s.p..<\/p>\t\t\t\t\t\t<\/div>\n\t\t\t\t<\/div>\n\t\t\t\t\t<\/div>\n\t\t<\/div>\n\t\t\t\t\t\t\t<\/div>\n\t\t<\/section>\n\t\t\t\t\t\t<\/div>\n\t\t\t\t\t<\/div>\n\t\t","protected":false},"excerpt":{"rendered":"<p>Projekti Okro\u017eno dr\u017eavno to\u017eilstvo, Ljubljana O\u010distili smo fasado, odstranili in zamenjali dotrajan silikon in fuge ter fasado premazali z za\u0161\u010ditnim slojem. \u00a0V sodelovanju z Ortar &amp; Jerman d.o.o.. Monta\u017ea son\u010dne elektrarne. \u00a0 Kristalna pala\u010da, Ljubljana BTC Vsako letno \u010di\u0161\u010denje stekel. V sodelovanju z Luftvork s.p.. Uprava BTC, Ljubljana Menjava dotrajanega silikona zaradi zamakanja in vsako &hellip;<\/p>\n<p class=\"read-more\"> <a class=\"\" href=\"https:\/\/visinskadela-gora.si\/?page_id=577\"> <span class=\"screen-reader-text\">Projekti<\/span> Read More &raquo;<\/a><\/p>\n","protected":false},"author":1,"featured_media":0,"parent":0,"menu_order":0,"comment_status":"closed","ping_status":"closed","template":"","meta":{"footnotes":""},"class_list":["post-577","page","type-page","status-publish","hentry"],"_links":{"self":[{"href":"https:\/\/visinskadela-gora.si\/index.php?rest_route=\/wp\/v2\/pages\/577","targetHints":{"allow":["GET"]}}],"collection":[{"href":"https:\/\/visinskadela-gora.si\/index.php?rest_route=\/wp\/v2\/pages"}],"about":[{"href":"https:\/\/visinskadela-gora.si\/index.php?rest_route=\/wp\/v2\/types\/page"}],"author":[{"embeddable":true,"href":"https:\/\/visinskadela-gora.si\/index.php?rest_route=\/wp\/v2\/users\/1"}],"replies":[{"embeddable":true,"href":"https:\/\/visinskadela-gora.si\/index.php?rest_route=%2Fwp%2Fv2%2Fcomments&post=577"}],"version-history":[{"count":28,"href":"https:\/\/visinskadela-gora.si\/index.php?rest_route=\/wp\/v2\/pages\/577\/revisions"}],"predecessor-version":[{"id":810,"href":"https:\/\/visinskadela-gora.si\/index.php?rest_route=\/wp\/v2\/pages\/577\/revisions\/810"}],"wp:attachment":[{"href":"https:\/\/visinskadela-gora.si\/index.php?rest_route=%2Fwp%2Fv2%2Fmedia&parent=577"}],"curies":[{"name":"wp","href":"https:\/\/api.w.org\/{rel}","templated":true}]}}