{"id":575,"date":"2018-11-26T12:45:57","date_gmt":"2018-11-26T12:45:57","guid":{"rendered":"https:\/\/visinskadela-gora.si\/?page_id=575"},"modified":"2021-11-14T15:25:43","modified_gmt":"2021-11-14T15:25:43","slug":"about","status":"publish","type":"page","link":"https:\/\/visinskadela-gora.si\/?page_id=575","title":{"rendered":"O nas"},"content":{"rendered":"\t\t<div data-elementor-type=\"wp-post\" data-elementor-id=\"575\" class=\"elementor elementor-575\" data-elementor-settings=\"[]\">\n\t\t\t\t\t\t\t<div class=\"elementor-section-wrap\">\n\t\t\t\t\t\t\t<section class=\"elementor-section elementor-top-section elementor-element elementor-element-688ad38 elementor-section-content-middle elementor-section-boxed elementor-section-height-default elementor-section-height-default\" data-id=\"688ad38\" data-element_type=\"section\" data-settings=\"{&quot;background_background&quot;:&quot;classic&quot;}\">\n\t\t\t\t\t\t\t<div class=\"elementor-background-overlay\"><\/div>\n\t\t\t\t\t\t\t<div class=\"elementor-container elementor-column-gap-no\">\n\t\t\t\t\t<div class=\"elementor-column elementor-col-100 elementor-top-column elementor-element elementor-element-148e58a\" data-id=\"148e58a\" data-element_type=\"column\">\n\t\t\t<div class=\"elementor-widget-wrap elementor-element-populated\">\n\t\t\t\t\t\t\t\t<div class=\"elementor-element elementor-element-d915ffa elementor-widget elementor-widget-heading\" data-id=\"d915ffa\" data-element_type=\"widget\" data-widget_type=\"heading.default\">\n\t\t\t\t<div class=\"elementor-widget-container\">\n\t\t\t<h1 class=\"elementor-heading-title elementor-size-default\">O nas<\/h1>\t\t<\/div>\n\t\t\t\t<\/div>\n\t\t\t\t\t<\/div>\n\t\t<\/div>\n\t\t\t\t\t\t\t<\/div>\n\t\t<\/section>\n\t\t\t\t<section class=\"elementor-section elementor-top-section elementor-element elementor-element-303906c elementor-section-content-top elementor-section-boxed elementor-section-height-default elementor-section-height-default\" data-id=\"303906c\" data-element_type=\"section\" data-settings=\"{&quot;background_background&quot;:&quot;classic&quot;}\">\n\t\t\t\t\t\t\t<div class=\"elementor-background-overlay\"><\/div>\n\t\t\t\t\t\t\t<div class=\"elementor-container elementor-column-gap-no\">\n\t\t\t\t\t<div class=\"elementor-column elementor-col-50 elementor-top-column elementor-element elementor-element-79e7669\" data-id=\"79e7669\" data-element_type=\"column\">\n\t\t\t<div class=\"elementor-widget-wrap elementor-element-populated\">\n\t\t\t\t\t\t\t\t<div class=\"elementor-element elementor-element-b08a448 elementor-widget elementor-widget-heading\" data-id=\"b08a448\" data-element_type=\"widget\" data-widget_type=\"heading.default\">\n\t\t\t\t<div class=\"elementor-widget-container\">\n\t\t\t<h2 class=\"elementor-heading-title elementor-size-default\">Ekipa izku\u0161enih \u0161portnih plezalcev in alpinistov ki se ukvarja z delom na vi\u0161ini. <br><br>Izvajamo dela na vi\u0161ini in globini.<\/h2>\t\t<\/div>\n\t\t\t\t<\/div>\n\t\t\t\t\t<\/div>\n\t\t<\/div>\n\t\t\t\t<div class=\"elementor-column elementor-col-50 elementor-top-column elementor-element elementor-element-d067b90\" data-id=\"d067b90\" data-element_type=\"column\">\n\t\t\t<div class=\"elementor-widget-wrap elementor-element-populated\">\n\t\t\t\t\t\t\t\t<div class=\"elementor-element elementor-element-237b3ab elementor-widget elementor-widget-text-editor\" data-id=\"237b3ab\" data-element_type=\"widget\" data-widget_type=\"text-editor.default\">\n\t\t\t\t<div class=\"elementor-widget-container\">\n\t\t\t\t\t\t\t<div class=\"elementor-element elementor-element-dfd19e4 elementor-widget elementor-widget-text-editor\" data-id=\"dfd19e4\" data-element_type=\"widget\" data-widget_type=\"text-editor.default\"><div class=\"elementor-widget-container\"><p>Dela se lotimo resno in kvalitetno, brez tveganj in z optimalnim izidom.<\/p><\/div><\/div><div class=\"elementor-element elementor-element-1007c0b elementor-widget elementor-widget-text-editor\" data-id=\"1007c0b\" data-element_type=\"widget\" data-widget_type=\"text-editor.default\"><div class=\"elementor-widget-container\"><p>S pomo\u010djo vrvne tehnike in dvi\u017enih ko\u0161ar opravimo dela tam, kjer jih drugi ne morejo.<\/p><p>\u00a0<\/p><p>V kolikor potrebujete na\u0161e storitve, nas kontaktirajte in se dogovorimo za ogled, sestavimo ponudbo in delo po potrjeni ponudbi izvedemo.<\/p><\/div><\/div><p>Z znanjem vrvne tehnike varno, ugodno in kvalitetno opravljamo dela na vi\u0161ini in globini. Izvajamo dela kot so monta\u017ee, demonta\u017ee, sanacije, \u010di\u0161\u010denje, barvanje, ob\u017eagovanje..\u00a0<\/p><div>Kjer vi ne morete, mi lahko &#8211; Gora.<\/div>\t\t\t\t\t\t<\/div>\n\t\t\t\t<\/div>\n\t\t\t\t\t<\/div>\n\t\t<\/div>\n\t\t\t\t\t\t\t<\/div>\n\t\t<\/section>\n\t\t\t\t\t\t<\/div>\n\t\t\t\t\t<\/div>\n\t\t","protected":false},"excerpt":{"rendered":"<p>O nas Ekipa izku\u0161enih \u0161portnih plezalcev in alpinistov ki se ukvarja z delom na vi\u0161ini. Izvajamo dela na vi\u0161ini in globini. Dela se lotimo resno in kvalitetno, brez tveganj in z optimalnim izidom. S pomo\u010djo vrvne tehnike in dvi\u017enih ko\u0161ar opravimo dela tam, kjer jih drugi ne morejo. \u00a0 V kolikor potrebujete na\u0161e storitve, nas &hellip;<\/p>\n<p class=\"read-more\"> <a class=\"\" href=\"https:\/\/visinskadela-gora.si\/?page_id=575\"> <span class=\"screen-reader-text\">O nas<\/span> Read More &raquo;<\/a><\/p>\n","protected":false},"author":1,"featured_media":0,"parent":0,"menu_order":0,"comment_status":"closed","ping_status":"closed","template":"","meta":{"footnotes":""},"class_list":["post-575","page","type-page","status-publish","hentry"],"_links":{"self":[{"href":"https:\/\/visinskadela-gora.si\/index.php?rest_route=\/wp\/v2\/pages\/575","targetHints":{"allow":["GET"]}}],"collection":[{"href":"https:\/\/visinskadela-gora.si\/index.php?rest_route=\/wp\/v2\/pages"}],"about":[{"href":"https:\/\/visinskadela-gora.si\/index.php?rest_route=\/wp\/v2\/types\/page"}],"author":[{"embeddable":true,"href":"https:\/\/visinskadela-gora.si\/index.php?rest_route=\/wp\/v2\/users\/1"}],"replies":[{"embeddable":true,"href":"https:\/\/visinskadela-gora.si\/index.php?rest_route=%2Fwp%2Fv2%2Fcomments&post=575"}],"version-history":[{"count":16,"href":"https:\/\/visinskadela-gora.si\/index.php?rest_route=\/wp\/v2\/pages\/575\/revisions"}],"predecessor-version":[{"id":773,"href":"https:\/\/visinskadela-gora.si\/index.php?rest_route=\/wp\/v2\/pages\/575\/revisions\/773"}],"wp:attachment":[{"href":"https:\/\/visinskadela-gora.si\/index.php?rest_route=%2Fwp%2Fv2%2Fmedia&parent=575"}],"curies":[{"name":"wp","href":"https:\/\/api.w.org\/{rel}","templated":true}]}}